{"id":3,"date":"2024-08-06T17:31:46","date_gmt":"2024-08-06T15:31:46","guid":{"rendered":"http:\/\/audreybarberger-naturofeminin.fr\/?page_id=3"},"modified":"2024-09-20T14:52:09","modified_gmt":"2024-09-20T12:52:09","slug":"mentions-legales","status":"publish","type":"page","link":"https:\/\/audreybarberger-naturofeminin.fr\/index.php\/mentions-legales\/","title":{"rendered":"Mentions l\u00e9gales"},"content":{"rendered":"\r\n\r\n\r\n\r\n\r\n\r\n\r\n<p>Le site www.audreybarberger-naturofeminin.fr que vous consultez actuellement est la propri\u00e9t\u00e9 de :<\/p>\r\n<p>\u2022 D\u00e9nomination sociale : NATUR&rsquo;O FEMININ<br \/>\u2022 Forme juridique : SASU<br \/>\u2022 Si\u00e8ge social : 11 RUE DU CAPITAINE DREYFUS 68510 SIERENTZ<br \/>\u2022 Num\u00e9ro SIRET : 94814817600019<br \/>\u2022 Adresse de courrier \u00e9lectronique : naturofeminin68@gmail.com<br \/>\u2022 Num\u00e9ro de t\u00e9l\u00e9phone : 07 68 89 66 90<br \/>\u2022 Directrice de la publication : Audrey Barberger<\/p>\r\n<p>&nbsp;<\/p>\r\n<h2 class=\"wp-block-heading\">INFORMATIONS RELATIVES \u00c0 L&rsquo;H\u00c9BERGEUR DU SITE<\/h2>\r\n<p>\u2022 Nom de l&rsquo;h\u00e9bergeur : Ovhcloud<br \/>\u2022 Adresse de l&rsquo;h\u00e9bergeur : https:\/\/www.ovhcloud.com\/<\/p>\r\n<p>&nbsp;<\/p>\r\n<h2>INFORMATIONS RELATIVES A LA PROTECTION DES DONNEES<br \/>PERSONNELLES<\/h2>\r\n<p>Nous nous engageons \u00e0 respecter les dispositions du r\u00e8glement g\u00e9n\u00e9ral sur la protection des donn\u00e9es (RGPD) et la loi Informatique et Libert\u00e9s pour toutes les donn\u00e9es<br \/>personnelles que nous pourrions collecter et traiter.\u00a0<br \/>Conform\u00e9ment \u00e0 la loi Informatique et libert\u00e9s du 6 janvier 1978 modifi\u00e9e, vous disposez d&rsquo;un droit d&rsquo;acc\u00e8s, de rectification, de modification et de suppression des donn\u00e9es qui<br \/>vous concernent. Vous pouvez exercer ce droit en envoyant un courrier \u00e9lectronique \u00e0 l&rsquo;adresse suivante : naturofeminin68@gmail.com.<\/p>\r\n<p>&nbsp;<\/p>\r\n<h2>POLITIQUE D&rsquo;UTILISATION DES COOKIES<\/h2>\r\n<p>Ce site web utilise des cookies pour am\u00e9liorer votre exp\u00e9rience de navigation. Vous pouvez consulter notre politique de gestion des cookies pour plus d&rsquo;informations.<\/p>\r\n<p>&nbsp;<\/p>\r\n<h2>DROIT APPLICABLE<\/h2>\r\n<p>Les pr\u00e9sentes mentions l\u00e9gales sont soumises au droit fran\u00e7ais.<\/p>\r\n<p>&nbsp;<\/p>\r\n<h2>PROPRI\u00c9T\u00c9 INTELLECTUELLE<\/h2>\r\n<p>Tous les contenus pr\u00e9sents sur ce site web, y compris, mais sans s&rsquo;y limiter, les textes, images, graphiques, logos, ic\u00f4nes, sons et logiciels, sont la propri\u00e9t\u00e9 de Natur\u2019O F\u00e9minin ou de ses fournisseurs de contenu, et sont prot\u00e9g\u00e9s par les lois internationales sur les droits d&rsquo;auteur. L&rsquo;organisation et la pr\u00e9sentation de tout ce contenu, ainsi que le code source, sont la propri\u00e9t\u00e9 exclusive de Natur\u2019O F\u00e9minin.<br \/>L&rsquo;utilisateur n&rsquo;est pas autoris\u00e9 \u00e0 utiliser, reproduire, copier, modifier, transmettre, diffuser, vendre, licencier, ou de toute autre mani\u00e8re exploiter le contenu du site \u00e0 des fins<br \/>commerciales, sans l&rsquo;autorisation \u00e9crite pr\u00e9alable de Natur\u2019O F\u00e9minin ou du titulaire des droits.<br \/>Toute violation de ces droits peut entra\u00eener des poursuites civiles ou p\u00e9nales conform\u00e9ment aux lois applicables.<br \/>Ce site peut contenir des informations fournies par des entreprises externes ou des liens hypertextes vers d&rsquo;autres sites qui ne sont pas g\u00e9r\u00e9s par Natur\u2019O F\u00e9minin. Ces liens et informations sont fournies \u00e0 titre de convenance pour l&rsquo;utilisateur. L&rsquo;existence d&rsquo;un lien vers un autre site ne constitue pas une approbation de ce site ou de son contenu par Natur\u2019O F\u00e9minin. Il incombe \u00e0 l&rsquo;utilisateur d&rsquo;utiliser ces informations avec discernement et un esprit critique. La responsabilit\u00e9 de Natur\u2019O F\u00e9minin ne peut \u00eatre engag\u00e9e en raison des informations, opinions et recommandations fournies par des tiers.\u00a0Les entreprises qui souhaitent \u00e9tablir un lien vers ce site sont libres de le faire. Nous appr\u00e9cierions que vous nous informiez de la mise en place d&rsquo;un lien en nous contactant.<\/p>\r\n","protected":false},"excerpt":{"rendered":"<p>Le site www.audreybarberger-naturofeminin.fr que vous consultez actuellement est la propri\u00e9t\u00e9 [&hellip;]<\/p>\n","protected":false},"author":1,"featured_media":0,"parent":0,"menu_order":0,"comment_status":"closed","ping_status":"open","template":"","meta":{"footnotes":""},"class_list":["post-3","page","type-page","status-publish","hentry"],"_links":{"self":[{"href":"https:\/\/audreybarberger-naturofeminin.fr\/index.php\/wp-json\/wp\/v2\/pages\/3","targetHints":{"allow":["GET"]}}],"collection":[{"href":"https:\/\/audreybarberger-naturofeminin.fr\/index.php\/wp-json\/wp\/v2\/pages"}],"about":[{"href":"https:\/\/audreybarberger-naturofeminin.fr\/index.php\/wp-json\/wp\/v2\/types\/page"}],"author":[{"embeddable":true,"href":"https:\/\/audreybarberger-naturofeminin.fr\/index.php\/wp-json\/wp\/v2\/users\/1"}],"replies":[{"embeddable":true,"href":"https:\/\/audreybarberger-naturofeminin.fr\/index.php\/wp-json\/wp\/v2\/comments?post=3"}],"version-history":[{"count":4,"href":"https:\/\/audreybarberger-naturofeminin.fr\/index.php\/wp-json\/wp\/v2\/pages\/3\/revisions"}],"predecessor-version":[{"id":1417,"href":"https:\/\/audreybarberger-naturofeminin.fr\/index.php\/wp-json\/wp\/v2\/pages\/3\/revisions\/1417"}],"wp:attachment":[{"href":"https:\/\/audreybarberger-naturofeminin.fr\/index.php\/wp-json\/wp\/v2\/media?parent=3"}],"curies":[{"name":"wp","href":"https:\/\/api.w.org\/{rel}","templated":true}]}}